{"id":607,"date":"2020-04-25T20:03:38","date_gmt":"2020-04-25T18:03:38","guid":{"rendered":"https:\/\/albigna.ch\/?page_id=607"},"modified":"2022-03-16T10:15:18","modified_gmt":"2022-03-16T09:15:18","slug":"rundwanderweg-t3-2","status":"publish","type":"page","link":"https:\/\/albigna.ch\/it\/rundwanderweg-t3-2\/","title":{"rendered":"Sentiero dell&#8217;escursione circolare"},"content":{"rendered":"\n<div class=\"wp-block-jetpack-slideshow aligncenter\" data-autoplay=\"true\" data-delay=\"4\" data-effect=\"slide\"><div class=\"wp-block-jetpack-slideshow_container swiper-container\"><ul class=\"wp-block-jetpack-slideshow_swiper-wrapper swiper-wrapper\"><li class=\"wp-block-jetpack-slideshow_slide swiper-slide\"><figure><img data-recalc-dims=\"1\" fetchpriority=\"high\" decoding=\"async\" width=\"780\" height=\"411\" alt=\"\" class=\"wp-block-jetpack-slideshow_image wp-image-1181\" data-id=\"1181\" src=\"https:\/\/i0.wp.com\/albigna.ch\/wp-content\/uploads\/2020\/05\/Wandern-Staumauer.jpeg?resize=780%2C411&#038;ssl=1\" srcset=\"https:\/\/i0.wp.com\/albigna.ch\/wp-content\/uploads\/2020\/05\/Wandern-Staumauer.jpeg?resize=1024%2C539&amp;ssl=1 1024w, https:\/\/i0.wp.com\/albigna.ch\/wp-content\/uploads\/2020\/05\/Wandern-Staumauer.jpeg?resize=300%2C158&amp;ssl=1 300w, https:\/\/i0.wp.com\/albigna.ch\/wp-content\/uploads\/2020\/05\/Wandern-Staumauer.jpeg?resize=768%2C404&amp;ssl=1 768w, https:\/\/i0.wp.com\/albigna.ch\/wp-content\/uploads\/2020\/05\/Wandern-Staumauer.jpeg?resize=1536%2C808&amp;ssl=1 1536w, https:\/\/i0.wp.com\/albigna.ch\/wp-content\/uploads\/2020\/05\/Wandern-Staumauer.jpeg?resize=1200%2C632&amp;ssl=1 1200w, https:\/\/i0.wp.com\/albigna.ch\/wp-content\/uploads\/2020\/05\/Wandern-Staumauer.jpeg?resize=114%2C60&amp;ssl=1 114w, https:\/\/i0.wp.com\/albigna.ch\/wp-content\/uploads\/2020\/05\/Wandern-Staumauer.jpeg?w=1900&amp;ssl=1 1900w\" sizes=\"(max-width: 780px) 100vw, 780px\" \/><\/figure><\/li><li class=\"wp-block-jetpack-slideshow_slide swiper-slide\"><figure><img data-recalc-dims=\"1\" decoding=\"async\" width=\"780\" height=\"360\" alt=\"\" class=\"wp-block-jetpack-slideshow_image wp-image-1180\" data-id=\"1180\" src=\"https:\/\/i0.wp.com\/albigna.ch\/wp-content\/uploads\/2020\/05\/Wandern-Aussicht.jpeg?resize=780%2C360&#038;ssl=1\" srcset=\"https:\/\/i0.wp.com\/albigna.ch\/wp-content\/uploads\/2020\/05\/Wandern-Aussicht.jpeg?resize=1024%2C472&amp;ssl=1 1024w, https:\/\/i0.wp.com\/albigna.ch\/wp-content\/uploads\/2020\/05\/Wandern-Aussicht.jpeg?resize=300%2C138&amp;ssl=1 300w, https:\/\/i0.wp.com\/albigna.ch\/wp-content\/uploads\/2020\/05\/Wandern-Aussicht.jpeg?resize=768%2C354&amp;ssl=1 768w, https:\/\/i0.wp.com\/albigna.ch\/wp-content\/uploads\/2020\/05\/Wandern-Aussicht.jpeg?resize=1536%2C707&amp;ssl=1 1536w, https:\/\/i0.wp.com\/albigna.ch\/wp-content\/uploads\/2020\/05\/Wandern-Aussicht.jpeg?resize=1200%2C553&amp;ssl=1 1200w, https:\/\/i0.wp.com\/albigna.ch\/wp-content\/uploads\/2020\/05\/Wandern-Aussicht.jpeg?resize=130%2C60&amp;ssl=1 130w, https:\/\/i0.wp.com\/albigna.ch\/wp-content\/uploads\/2020\/05\/Wandern-Aussicht.jpeg?w=1900&amp;ssl=1 1900w\" sizes=\"(max-width: 780px) 100vw, 780px\" \/><\/figure><\/li><li class=\"wp-block-jetpack-slideshow_slide swiper-slide\"><figure><img data-recalc-dims=\"1\" decoding=\"async\" width=\"780\" height=\"429\" alt=\"\" class=\"wp-block-jetpack-slideshow_image wp-image-1178\" data-id=\"1178\" src=\"https:\/\/i0.wp.com\/albigna.ch\/wp-content\/uploads\/2020\/05\/Wandern-Spiegelung.jpeg?resize=780%2C429&#038;ssl=1\" srcset=\"https:\/\/i0.wp.com\/albigna.ch\/wp-content\/uploads\/2020\/05\/Wandern-Spiegelung.jpeg?resize=1024%2C563&amp;ssl=1 1024w, https:\/\/i0.wp.com\/albigna.ch\/wp-content\/uploads\/2020\/05\/Wandern-Spiegelung.jpeg?resize=300%2C165&amp;ssl=1 300w, https:\/\/i0.wp.com\/albigna.ch\/wp-content\/uploads\/2020\/05\/Wandern-Spiegelung.jpeg?resize=768%2C422&amp;ssl=1 768w, https:\/\/i0.wp.com\/albigna.ch\/wp-content\/uploads\/2020\/05\/Wandern-Spiegelung.jpeg?resize=1536%2C844&amp;ssl=1 1536w, https:\/\/i0.wp.com\/albigna.ch\/wp-content\/uploads\/2020\/05\/Wandern-Spiegelung.jpeg?resize=1200%2C659&amp;ssl=1 1200w, https:\/\/i0.wp.com\/albigna.ch\/wp-content\/uploads\/2020\/05\/Wandern-Spiegelung.jpeg?resize=109%2C60&amp;ssl=1 109w, https:\/\/i0.wp.com\/albigna.ch\/wp-content\/uploads\/2020\/05\/Wandern-Spiegelung.jpeg?w=1898&amp;ssl=1 1898w\" sizes=\"(max-width: 780px) 100vw, 780px\" \/><\/figure><\/li><li class=\"wp-block-jetpack-slideshow_slide swiper-slide\"><figure><img data-recalc-dims=\"1\" loading=\"lazy\" decoding=\"async\" width=\"780\" height=\"411\" alt=\"\" class=\"wp-block-jetpack-slideshow_image wp-image-1183\" data-id=\"1183\" src=\"https:\/\/i0.wp.com\/albigna.ch\/wp-content\/uploads\/2020\/05\/Wandern-h%C3%BCtte.jpeg?resize=780%2C411&#038;ssl=1\" srcset=\"https:\/\/i0.wp.com\/albigna.ch\/wp-content\/uploads\/2020\/05\/Wandern-h%C3%BCtte.jpeg?resize=1024%2C539&amp;ssl=1 1024w, https:\/\/i0.wp.com\/albigna.ch\/wp-content\/uploads\/2020\/05\/Wandern-h%C3%BCtte.jpeg?resize=300%2C158&amp;ssl=1 300w, https:\/\/i0.wp.com\/albigna.ch\/wp-content\/uploads\/2020\/05\/Wandern-h%C3%BCtte.jpeg?resize=768%2C404&amp;ssl=1 768w, https:\/\/i0.wp.com\/albigna.ch\/wp-content\/uploads\/2020\/05\/Wandern-h%C3%BCtte.jpeg?resize=1536%2C808&amp;ssl=1 1536w, https:\/\/i0.wp.com\/albigna.ch\/wp-content\/uploads\/2020\/05\/Wandern-h%C3%BCtte.jpeg?resize=1200%2C632&amp;ssl=1 1200w, https:\/\/i0.wp.com\/albigna.ch\/wp-content\/uploads\/2020\/05\/Wandern-h%C3%BCtte.jpeg?resize=114%2C60&amp;ssl=1 114w, https:\/\/i0.wp.com\/albigna.ch\/wp-content\/uploads\/2020\/05\/Wandern-h%C3%BCtte.jpeg?w=1900&amp;ssl=1 1900w\" sizes=\"(max-width: 780px) 100vw, 780px\" \/><\/figure><\/li><li class=\"wp-block-jetpack-slideshow_slide swiper-slide\"><figure><img data-recalc-dims=\"1\" loading=\"lazy\" decoding=\"async\" width=\"780\" height=\"411\" alt=\"\" class=\"wp-block-jetpack-slideshow_image wp-image-1184\" data-id=\"1184\" src=\"https:\/\/i0.wp.com\/albigna.ch\/wp-content\/uploads\/2020\/05\/wandern-outline.jpeg?resize=780%2C411&#038;ssl=1\" srcset=\"https:\/\/i0.wp.com\/albigna.ch\/wp-content\/uploads\/2020\/05\/wandern-outline.jpeg?resize=1024%2C539&amp;ssl=1 1024w, https:\/\/i0.wp.com\/albigna.ch\/wp-content\/uploads\/2020\/05\/wandern-outline.jpeg?resize=300%2C158&amp;ssl=1 300w, https:\/\/i0.wp.com\/albigna.ch\/wp-content\/uploads\/2020\/05\/wandern-outline.jpeg?resize=768%2C405&amp;ssl=1 768w, https:\/\/i0.wp.com\/albigna.ch\/wp-content\/uploads\/2020\/05\/wandern-outline.jpeg?resize=1536%2C809&amp;ssl=1 1536w, https:\/\/i0.wp.com\/albigna.ch\/wp-content\/uploads\/2020\/05\/wandern-outline.jpeg?resize=1200%2C632&amp;ssl=1 1200w, https:\/\/i0.wp.com\/albigna.ch\/wp-content\/uploads\/2020\/05\/wandern-outline.jpeg?resize=114%2C60&amp;ssl=1 114w, https:\/\/i0.wp.com\/albigna.ch\/wp-content\/uploads\/2020\/05\/wandern-outline.jpeg?w=1900&amp;ssl=1 1900w\" sizes=\"(max-width: 780px) 100vw, 780px\" \/><\/figure><\/li><\/ul><a class=\"wp-block-jetpack-slideshow_button-prev swiper-button-prev swiper-button-white\" role=\"button\"><\/a><a class=\"wp-block-jetpack-slideshow_button-next swiper-button-next swiper-button-white\" role=\"button\"><\/a><a aria-label=\"Pause Slideshow\" class=\"wp-block-jetpack-slideshow_button-pause\" role=\"button\"><\/a><div class=\"wp-block-jetpack-slideshow_pagination swiper-pagination swiper-pagination-white\"><\/div><\/div><\/div>\n\n\n\n<p class=\"wp-block-paragraph\">Per una camminata vi suggeriamo l\u2019escursione circolare con partenza e arrivo alla capanna.<br><br>Il percorso in segnavia bianco-rosso-bianco inizia con una leggera salita lungo un pendio erboso verso est. Magnifici fiori alpini fiancheggiano il sentiero. Spesso si sentono e vedono delle marmotte. La vista sulle vette circostanti e sui ghiacciai nelle prossimit\u00e0 \u00e8 un mozzafiato bellissimo.Pi\u00f9 in alto il sentiero volge verso nordovest passando su pascoli verdeggianti e porta ai tre laghetti idillici che sono un chiaro invito a soffermarsi e a fare delle foto. Delle volte nei d\u2019intorni si possono osservare gli stambecchi.<br>La terza parte del tragitto segue il sentiero del Casnil, con segnavia bianco-blu-bianco che scende di ritorno alla capanna.<br>Il tempo necessario per l\u2019escursione \u00e8 di un\u2019ora e mezzo a un\u2019ora trequarti, per\u00f2 senza soste. Il grado di difficolt\u00e0 sulla scala da 1 a 6 si aggira sul T3. Sulla prima parte del sentiero bisogna fare caso a non lasciare il sentiero, perch\u00e9 attraversa un pendio molto ripido.<br>Si pu\u00f2 naturalmente anche fare l\u2019escursione in direzione opposta.<\/p>\n\n\n\n<p class=\"wp-block-paragraph\">Ci raccomandiamo per un pranzetto gustoso dopo l\u2019escursione. Abbiamo una bella scelta di piatti nostrani casalinghi che certamente gustano. Anche la nostra scelta di bevande \u00e8 vasta.<\/p>\n\n\n\n<iframe src=\"https:\/\/map.geo.admin.ch\/embed.html?topic=ech&amp;bgLayer=ch.swisstopo.pixelkarte-farbe&amp;layers=ch.swisstopo.zeitreihen,ch.bfs.gebaeude_wohnungs_register,ch.bav.haltestellen-oev,ch.swisstopo.swisstlm3d-wanderwege,KML%7C%7Chttps:%2F%2Fpublic.geo.admin.ch%2FhJf5Td5NTUixm8vGpyCYwg&amp;layers_opacity=1,1,1,0.8,1&amp;layers_visibility=false,false,false,false,true&amp;layers_timestamp=18641231,,,,&amp;lang=de&amp;E=2771081.18&amp;N=1133349.57&amp;zoom=8.476296836990825\" width=\"800\" height=\"600\" frameborder=\"0\" style=\"border:0\"><\/iframe>\n","protected":false},"excerpt":{"rendered":"<p>Per una camminata vi suggeriamo l\u2019escursione circolare con partenza e arrivo alla capanna. Il percorso in segnavia bianco-rosso-bianco inizia con una leggera salita lungo un pendio erboso verso est. Magnifici fiori alpini fiancheggiano il sentiero. Spesso si sentono e vedono delle marmotte. La vista sulle &hellip; <\/p>\n","protected":false},"author":174155846,"featured_media":442,"parent":0,"menu_order":0,"comment_status":"closed","ping_status":"closed","template":"","meta":{"_coblocks_attr":"","_coblocks_dimensions":"","_coblocks_responsive_height":"","_coblocks_accordion_ie_support":"","_crdt_document":"","advanced_seo_description":"","jetpack_seo_html_title":"","jetpack_seo_noindex":false,"footnotes":""},"class_list":["post-607","page","type-page","status-publish","has-post-thumbnail","hentry"],"translation":{"provider":"WPGlobus","version":"3.0.2","language":"it","enabled_languages":["de","it"],"languages":{"de":{"title":true,"content":true,"excerpt":false},"it":{"title":true,"content":true,"excerpt":false}}},"jetpack_likes_enabled":true,"jetpack_sharing_enabled":true,"jetpack_shortlink":"https:\/\/wp.me\/PbVkKB-9N","amp_enabled":true,"_links":{"self":[{"href":"https:\/\/albigna.ch\/it\/wp-json\/wp\/v2\/pages\/607","targetHints":{"allow":["GET"]}}],"collection":[{"href":"https:\/\/albigna.ch\/it\/wp-json\/wp\/v2\/pages"}],"about":[{"href":"https:\/\/albigna.ch\/it\/wp-json\/wp\/v2\/types\/page"}],"author":[{"embeddable":true,"href":"https:\/\/albigna.ch\/it\/wp-json\/wp\/v2\/users\/174155846"}],"replies":[{"embeddable":true,"href":"https:\/\/albigna.ch\/it\/wp-json\/wp\/v2\/comments?post=607"}],"version-history":[{"count":8,"href":"https:\/\/albigna.ch\/it\/wp-json\/wp\/v2\/pages\/607\/revisions"}],"predecessor-version":[{"id":1702,"href":"https:\/\/albigna.ch\/it\/wp-json\/wp\/v2\/pages\/607\/revisions\/1702"}],"wp:featuredmedia":[{"embeddable":true,"href":"https:\/\/albigna.ch\/it\/wp-json\/wp\/v2\/media\/442"}],"wp:attachment":[{"href":"https:\/\/albigna.ch\/it\/wp-json\/wp\/v2\/media?parent=607"}],"curies":[{"name":"wp","href":"https:\/\/api.w.org\/{rel}","templated":true}]}}